{"id":7756,"date":"2025-11-19T14:37:15","date_gmt":"2025-11-19T14:37:15","guid":{"rendered":"https:\/\/summitlegacylegal.com\/politica-de-privacidad\/"},"modified":"2026-03-17T18:12:26","modified_gmt":"2026-03-17T18:12:26","slug":"politica-de-privacidad","status":"publish","type":"page","link":"https:\/\/summitlegacylegal.com\/es\/politica-de-privacidad\/","title":{"rendered":"Pol\u00edtica de privacidad"},"content":{"rendered":"\n<section class=\"wp-block-group is-layout-constrained wp-block-group-is-layout-constrained\">\n<div class=\"wp-block-group container is-layout-constrained wp-block-group-is-layout-constrained\">\n<p>Cualquier informaci\u00f3n que nos facilite en este sitio permanecer\u00e1 con nosotros. Adoptaremos medidas razonables para garantizar que su direcci\u00f3n de correo electr\u00f3nico no reciba spam. En ocasiones, colocamos cookies en su ordenador para recopilar datos de m\u00e9tricas con el fin de mejorar la calidad de este sitio. Estas cookies no almacenan informaci\u00f3n personal sobre usted y no se utilizar\u00e1n de forma maliciosa.   <\/p>\n\n\n\n<p>Todos los formularios de este sitio est\u00e1n protegidos por reCAPTCHA y, por ello, est\u00e1n sujetos a la <a href=\"https:\/\/policies.google.com\/privacy\">Pol\u00edtica de privacidad<\/a> y a los <a href=\"https:\/\/policies.google.com\/terms\">T\u00e9rminos del servicio<\/a> de Google.<\/p>\n\n\n\n<p>Si deja un comentario o nos env\u00eda un mensaje en nuestro sitio, puede optar por guardar su nombre, direcci\u00f3n de correo electr\u00f3nico y sitio web en cookies. Esto es para su comodidad, de modo que no tenga que volver a introducir sus datos cuando deje otro comentario. Estas cookies tendr\u00e1n una duraci\u00f3n de un a\u00f1o.  <\/p>\n\n\n\n<p>Si visita nuestra p\u00e1gina de inicio de sesi\u00f3n, estableceremos una cookie temporal para determinar si su navegador acepta cookies. Esta cookie no contiene datos personales y se elimina cuando cierra el navegador. <\/p>\n\n\n\n<p>Cuando inicie sesi\u00f3n, tambi\u00e9n configuraremos varias cookies para guardar su informaci\u00f3n de inicio de sesi\u00f3n y sus preferencias de visualizaci\u00f3n de pantalla. Las cookies de inicio de sesi\u00f3n duran dos d\u00edas y las cookies de opciones de pantalla duran un a\u00f1o. Si selecciona \u201cRecordarme\u201d, su inicio de sesi\u00f3n se mantendr\u00e1 durante dos semanas. Si cierra la sesi\u00f3n de su cuenta, se eliminar\u00e1n las cookies de inicio de sesi\u00f3n.   <\/p>\n\n\n\n<p>Los art\u00edculos y p\u00e1ginas de este sitio pueden incluir contenido incrustado (p. ej., v\u00eddeos, im\u00e1genes, art\u00edculos, etc.). El contenido incrustado de otros sitios web se comporta exactamente igual que si el visitante hubiera visitado el otro sitio web. <\/p>\n\n\n\n<p>Estos sitios web pueden recopilar datos sobre usted, utilizar cookies, incrustar seguimiento adicional de terceros y supervisar su interacci\u00f3n con ese contenido incrustado, incluido el seguimiento de su interacci\u00f3n con el contenido incrustado si tiene una cuenta y ha iniciado sesi\u00f3n en ese sitio web.<\/p>\n\n\n\n<h3 class=\"wp-block-heading\">Con qui\u00e9n compartimos sus datos<\/h3>\n\n\n\n<p>Si solicita un restablecimiento de contrase\u00f1a, su direcci\u00f3n IP se incluir\u00e1 en el correo electr\u00f3nico de restablecimiento.<\/p>\n\n\n\n<p>Si deja un comentario, el comentario y sus metadatos se conservan indefinidamente. Esto es para que podamos reconocer y aprobar autom\u00e1ticamente cualquier comentario de seguimiento en lugar de mantenerlo en una cola de moderaci\u00f3n. <\/p>\n\n\n\n<p>Para los usuarios que se registren en nuestro sitio web (si los hubiera), tambi\u00e9n almacenamos la informaci\u00f3n personal que proporcionan en su perfil de usuario. Todos los usuarios pueden ver, editar o eliminar su informaci\u00f3n personal en cualquier momento (excepto que no pueden cambiar su nombre de usuario). Los administradores del sitio web tambi\u00e9n pueden ver y editar esa informaci\u00f3n.  <\/p>\n\n\n\n<p>Recopilamos informaci\u00f3n sobre los visitantes que comentan en sitios que utilizan nuestro servicio antispam. La informaci\u00f3n que recopilamos suele incluir la direcci\u00f3n IP del comentarista, el agente de usuario, el referente y la URL del sitio (junto con otra informaci\u00f3n proporcionada directamente por el comentarista, como su nombre, nombre de usuario, direcci\u00f3n de correo electr\u00f3nico y el propio comentario). <\/p>\n\n\n\n<h3 class=\"wp-block-heading\">Durante cu\u00e1nto tiempo conservamos sus datos<\/h3>\n\n\n\n<p>Si deja un comentario, el comentario y sus metadatos se conservan indefinidamente. Esto es para que podamos reconocer y aprobar autom\u00e1ticamente cualquier comentario de seguimiento en lugar de mantenerlo en una cola de moderaci\u00f3n. <\/p>\n\n\n\n<p>Para los usuarios que se registren en nuestro sitio web (si los hubiera), tambi\u00e9n almacenamos la informaci\u00f3n personal que proporcionan en su perfil de usuario. Todos los usuarios pueden ver, editar o eliminar su informaci\u00f3n personal en cualquier momento (excepto que no pueden cambiar su nombre de usuario). Los administradores del sitio web tambi\u00e9n pueden ver y editar esa informaci\u00f3n.  <\/p>\n\n\n\n<h3 class=\"wp-block-heading\">Qu\u00e9 derechos tiene sobre sus datos<\/h3>\n\n\n\n<p>Si tiene una cuenta en este sitio o ha dejado comentarios, puede solicitar recibir un archivo exportado de los datos personales que conservamos sobre usted, incluidos los datos que nos haya proporcionado. Tambi\u00e9n puede solicitar que eliminemos cualquier dato personal que conservemos sobre usted. Esto no incluye los datos que estemos obligados a conservar con fines administrativos, legales o de seguridad.  <\/p>\n\n\n\n<h3 class=\"wp-block-heading\">D\u00f3nde se env\u00edan sus datos<\/h3>\n\n\n\n<p>Los comentarios de los visitantes pueden comprobarse mediante un servicio automatizado de detecci\u00f3n de spam.<\/p>\n\n\n\n<p>Si tiene alguna inquietud adicional sobre la privacidad, no dude en <a href=\"https:\/\/summitlegacylegal.com\/es\/contactenos\/\">ponerse en contacto con nosotros<\/a>.<\/p>\n<\/div>\n<\/section>\n\n<section class=\"wp-block-group contact-us contact-us-bg-img is-layout-flow wp-block-group-is-layout-flow\">\n<div class=\"wp-block-cover\"><img loading=\"lazy\" decoding=\"async\" width=\"1024\" height=\"683\" class=\"wp-block-cover__image-background wp-image-7436 size-large\" alt=\"Interested young family couple visiting financial advisor in office\" src=\"https:\/\/summitlegacylegal.com\/wp-content\/uploads\/2026\/01\/contact-us-1024x683.jpg\" data-object-fit=\"cover\" srcset=\"https:\/\/summitlegacylegal.com\/wp-content\/uploads\/2026\/01\/contact-us-1024x683.jpg 1024w, https:\/\/summitlegacylegal.com\/wp-content\/uploads\/2026\/01\/contact-us-300x200.jpg 300w, https:\/\/summitlegacylegal.com\/wp-content\/uploads\/2026\/01\/contact-us-768x512.jpg 768w, https:\/\/summitlegacylegal.com\/wp-content\/uploads\/2026\/01\/contact-us.jpg 1254w\" sizes=\"auto, (max-width: 1024px) 100vw, 1024px\" \/><span aria-hidden=\"true\" class=\"wp-block-cover__background has-primary-background-color has-background-dim-90 has-background-dim\"><\/span><div class=\"wp-block-cover__inner-container is-layout-flow wp-block-cover-is-layout-flow\">\n<div class=\"wp-block-group contact-us__row-contact-details-container is-layout-flow wp-block-group-is-layout-flow\">\n<h2 class=\"wp-block-heading\"><strong><strong>Estamos listos para ayudarle. Con\u00e9ctese con nosotros. <\/strong><\/strong><\/h2>\n\n\n\n<p>Contacte con nuestros abogados de planificaci\u00f3n patrimonial de Colorado para obtener asesoramiento jur\u00eddico de confianza adaptado a sus necesidades. Nuestro experimentado equipo de Colorado est\u00e1 listo para responder a sus preguntas, proteger sus intereses y ayudarle a avanzar con claridad y confianza. P\u00f3ngase en contacto hoy mismo para programar su consulta personalizada.  <\/p>\n\n\n\n<div class=\"wp-block-group contact-us__row-contact-details is-layout-flow wp-block-group-is-layout-flow\">\n<div class=\"wp-block-group contact-us__address is-layout-flow wp-block-group-is-layout-flow\">\n<figure class=\"wp-block-image size-full\"><img decoding=\"async\" src=\"https:\/\/summitlegacylegal.com\/wp-content\/uploads\/2025\/11\/icon-location.svg\" alt=\"icono de ubicaci&#xF3;n\" class=\"wp-image-24\"\/><\/figure>\n\n\n\n<div class=\"wp-block-group is-layout-flow wp-block-group-is-layout-flow\">\n<p><strong>Ubicaci\u00f3n<\/strong><\/p>\n\n\n\n<p><a href=\"https:\/\/maps.app.goo.gl\/maaj1EPBcztRDXpn7\">5950 S. Willow Drive, Ste 230, Greenwood Village, CO 80111<\/a><\/p>\n<\/div>\n<\/div>\n\n\n\n<div class=\"wp-block-group contact-us__address contact-us__address-phone is-layout-flow wp-block-group-is-layout-flow\">\n<figure class=\"wp-block-image size-full\"><img decoding=\"async\" src=\"https:\/\/summitlegacylegal.com\/wp-content\/uploads\/2025\/11\/icon-phone.svg\" alt=\"icono de tel&#xE9;fono\" class=\"wp-image-27\"\/><\/figure>\n\n\n\n<div class=\"wp-block-group is-layout-flow wp-block-group-is-layout-flow\">\n<p><strong>N\u00famero de tel\u00e9fono<\/strong><\/p>\n\n\n\n<p><a href=\"tel:+17208314192\">720-831-4192<\/a><\/p>\n<\/div>\n<\/div>\n<\/div>\n<\/div>\n\n\n\n<div class=\"wp-block-group contact-us__row-form-container is-layout-flow wp-block-group-is-layout-flow\">\n<div class=\"wp-block-contact-form-7-contact-form-selector column\">\n<div class=\"wpcf7 no-js\" id=\"wpcf7-f7715-o1\" lang=\"es-ES\" dir=\"ltr\" data-wpcf7-id=\"7715\">\n<div class=\"screen-reader-response\"><p role=\"status\" aria-live=\"polite\" aria-atomic=\"true\"><\/p> <ul><\/ul><\/div>\n<form action=\"\/es\/wp-json\/wp\/v2\/pages\/7756#wpcf7-f7715-o1\" method=\"post\" class=\"wpcf7-form init\" aria-label=\"Formulario de contacto\" novalidate=\"novalidate\" data-status=\"init\">\n<fieldset class=\"hidden-fields-container\"><input type=\"hidden\" name=\"_wpcf7\" value=\"7715\" \/><input type=\"hidden\" name=\"_wpcf7_version\" value=\"6.1.5\" \/><input type=\"hidden\" name=\"_wpcf7_locale\" value=\"es_ES\" \/><input type=\"hidden\" name=\"_wpcf7_unit_tag\" value=\"wpcf7-f7715-o1\" \/><input type=\"hidden\" name=\"_wpcf7_container_post\" value=\"0\" \/><input type=\"hidden\" name=\"_wpcf7_posted_data_hash\" value=\"\" \/>\n<\/fieldset>\n<div class=\"form-row\">\n  <label> Nombre <span class=\"wpcf7-form-control-wrap\" data-name=\"your-name\"><input size=\"40\" maxlength=\"400\" class=\"wpcf7-form-control wpcf7-text wpcf7-validates-as-required\" aria-required=\"true\" aria-invalid=\"false\" placeholder=\"Su nombre\" value=\"\" type=\"text\" name=\"your-name\" \/><\/span><\/label>\n<\/div>\n<div class=\"form-row\">\n  <label> Correo electr\u00f3nico <span class=\"wpcf7-form-control-wrap\" data-name=\"your-email\"><input size=\"40\" maxlength=\"400\" class=\"wpcf7-form-control wpcf7-email wpcf7-validates-as-required wpcf7-text wpcf7-validates-as-email\" aria-required=\"true\" aria-invalid=\"false\" placeholder=\"Su correo electr\u00f3nico\" value=\"\" type=\"email\" name=\"your-email\" \/><\/span> <\/label>\n<\/div>\n<div class=\"form-row\">\n  <label> N\u00famero de tel\u00e9fono <span class=\"wpcf7-form-control-wrap\" data-name=\"your-tel\"><input size=\"40\" maxlength=\"400\" class=\"wpcf7-form-control wpcf7-tel wpcf7-validates-as-required wpcf7-text wpcf7-validates-as-tel\" aria-required=\"true\" aria-invalid=\"false\" placeholder=\"Su n\u00famero de tel\u00e9fono\" value=\"\" type=\"tel\" name=\"your-tel\" \/><\/span> <\/label>\n<\/div>\n\n<div class=\"form-row input-full-width\">\n <label> Mensaje <span class=\"wpcf7-form-control-wrap\" data-name=\"your-message\"><textarea cols=\"40\" rows=\"10\" maxlength=\"2000\" class=\"wpcf7-form-control wpcf7-textarea\" aria-invalid=\"false\" placeholder=\"\u00bfC\u00f3mo podemos ayudarle?\" name=\"your-message\"><\/textarea><\/span> <\/label>\n<\/div>\n\n<div class=\"consent-row\">\n  <span class=\"wpcf7-form-control-wrap\" data-name=\"consent\"><span class=\"wpcf7-form-control wpcf7-acceptance\"><span class=\"wpcf7-list-item\"><label><input type=\"checkbox\" name=\"consent\" value=\"1\" aria-invalid=\"false\" \/><span class=\"wpcf7-list-item-label\">He le\u00eddo la <a href=\"\/privacy-policy\/\" target=\"_blank\">Pol\u00edtica de Privacidad<\/a> y los <a href=\"\/terms-of-use\/\" target=\"_blank\">T\u00e9rminos del Servicio<\/a>.<\/span><\/label><\/span><\/span><\/span>\n<\/div>\n\n<input class=\"wpcf7-form-control wpcf7-submit has-spinner\" type=\"submit\" value=\"Enviar mensaje\" \/><p style=\"display: none !important;\" class=\"akismet-fields-container\" data-prefix=\"_wpcf7_ak_\"><label>&#916;<textarea name=\"_wpcf7_ak_hp_textarea\" cols=\"45\" rows=\"8\" maxlength=\"100\"><\/textarea><\/label><input type=\"hidden\" id=\"ak_js_1\" name=\"_wpcf7_ak_js\" value=\"218\"\/><script>\ndocument.getElementById( \"ak_js_1\" ).setAttribute( \"value\", ( new Date() ).getTime() );\n<\/script>\n<\/p><div class=\"wpcf7-response-output\" aria-hidden=\"true\"><\/div>\n<\/form>\n<\/div>\n<\/div>\n<\/div>\n<\/div><\/div>\n\n\n\n<div class=\"wp-block-group contact-us__map is-layout-flow wp-block-group-is-layout-flow\">\n<iframe src=\"https:\/\/www.google.com\/maps\/embed?pb=!1m18!1m12!1m3!1d3073.823899110089!2d-104.89202712416372!3d39.60864927158095!2m3!1f0!2f0!3f0!3m2!1i1024!2i768!4f13.1!3m3!1m2!1s0x876c866061786d81%3A0xede51dbf605ba79c!2s5950%20S%20Willow%20Dr%20%23230%2C%20Greenwood%20Village%2C%20CO%2080111%2C%20USA!5e0!3m2!1sen!2sar!4v1767806630325!5m2!1sen!2sar\" width=\"600\" height=\"450\" style=\"border:0;\" allowfullscreen=\"\" loading=\"lazy\" referrerpolicy=\"no-referrer-when-downgrade\" title=\"officeMap\"><\/iframe>\n<\/div>\n<\/section>\n","protected":false},"excerpt":{"rendered":"<p>Cualquier informaci\u00f3n que nos facilite en este sitio permanecer\u00e1 con nosotros. Adoptaremos medidas razonables para garantizar que su direcci\u00f3n de correo electr\u00f3nico no reciba spam. En ocasiones, colocamos cookies en su ordenador para recopilar datos de m\u00e9tricas con el fin de mejorar la calidad de este sitio. Estas cookies no almacenan informaci\u00f3n personal sobre usted [&hellip;]<\/p>\n","protected":false},"author":1,"featured_media":0,"parent":0,"menu_order":0,"comment_status":"closed","ping_status":"closed","template":"","meta":{"footnotes":""},"class_list":["post-7756","page","type-page","status-publish","hentry"],"_links":{"self":[{"href":"https:\/\/summitlegacylegal.com\/es\/wp-json\/wp\/v2\/pages\/7756","targetHints":{"allow":["GET"]}}],"collection":[{"href":"https:\/\/summitlegacylegal.com\/es\/wp-json\/wp\/v2\/pages"}],"about":[{"href":"https:\/\/summitlegacylegal.com\/es\/wp-json\/wp\/v2\/types\/page"}],"author":[{"embeddable":true,"href":"https:\/\/summitlegacylegal.com\/es\/wp-json\/wp\/v2\/users\/1"}],"replies":[{"embeddable":true,"href":"https:\/\/summitlegacylegal.com\/es\/wp-json\/wp\/v2\/comments?post=7756"}],"version-history":[{"count":3,"href":"https:\/\/summitlegacylegal.com\/es\/wp-json\/wp\/v2\/pages\/7756\/revisions"}],"predecessor-version":[{"id":8053,"href":"https:\/\/summitlegacylegal.com\/es\/wp-json\/wp\/v2\/pages\/7756\/revisions\/8053"}],"wp:attachment":[{"href":"https:\/\/summitlegacylegal.com\/es\/wp-json\/wp\/v2\/media?parent=7756"}],"curies":[{"name":"wp","href":"https:\/\/api.w.org\/{rel}","templated":true}]}}