{"id":7757,"date":"2025-11-19T15:37:55","date_gmt":"2025-11-19T15:37:55","guid":{"rendered":"https:\/\/summitlegacylegal.com\/contactenos\/"},"modified":"2026-03-17T17:02:21","modified_gmt":"2026-03-17T17:02:21","slug":"contactenos","status":"publish","type":"page","link":"https:\/\/summitlegacylegal.com\/es\/contactenos\/","title":{"rendered":"Cont\u00e1ctenos"},"content":{"rendered":"\n<section class=\"wp-block-group contact-us contact-us-clean is-layout-flow wp-block-group-is-layout-flow\">\n<div class=\"wp-block-group container is-layout-flow wp-block-group-is-layout-flow\">\n<div class=\"wp-block-group contact-us__row-contact-details-container is-layout-flow wp-block-group-is-layout-flow\">\n<h2 class=\"wp-block-heading\"><strong>Estamos listos para ayudarle. Conecte con nosotros. <\/strong><\/h2>\n\n\n\n<p>Para programar una consulta telef\u00f3nica gratuita, por favor, complete el formulario.<\/p>\n\n\n\n<div class=\"wp-block-group contact-us__row-contact-details is-layout-flow wp-block-group-is-layout-flow\">\n<div class=\"wp-block-group contact-us__address is-layout-flow wp-block-group-is-layout-flow\">\n<figure class=\"wp-block-image size-full\"><img decoding=\"async\" src=\"https:\/\/summitlegacylegal.com\/wp-content\/uploads\/2025\/11\/icon-location-blue.svg\" alt=\"icono de ubicaci&#xF3;n\" class=\"wp-image-23\"\/><\/figure>\n\n\n\n<div class=\"wp-block-group is-layout-flow wp-block-group-is-layout-flow\">\n<p><strong>Ubicaci\u00f3n<\/strong><\/p>\n\n\n\n<p><a href=\"https:\/\/maps.app.goo.gl\/maaj1EPBcztRDXpn7\">5950 S. Willow Drive, Ste 230, Greenwood Village, CO 80111<\/a><\/p>\n<\/div>\n<\/div>\n\n\n\n<div class=\"wp-block-group contact-us__address contact-us__address-phone is-layout-flow wp-block-group-is-layout-flow\">\n<figure class=\"wp-block-image size-full\"><img decoding=\"async\" src=\"https:\/\/summitlegacylegal.com\/wp-content\/uploads\/2025\/11\/icon-phone-blue.svg\" alt=\"icono de tel&#xE9;fono\" class=\"wp-image-25\"\/><\/figure>\n\n\n\n<div class=\"wp-block-group is-layout-flow wp-block-group-is-layout-flow\">\n<p><strong>N\u00famero de tel\u00e9fono<\/strong><\/p>\n\n\n\n<p><a href=\"tel:+17208314192\">  720-831-4192<\/a><\/p>\n<\/div>\n<\/div>\n<\/div>\n<\/div>\n\n\n\n<div class=\"wp-block-group contact-us__row-form-container is-layout-flow wp-block-group-is-layout-flow\">\n<div class=\"wp-block-contact-form-7-contact-form-selector column\">\n<div class=\"wpcf7 no-js\" id=\"wpcf7-f7715-o1\" lang=\"es-ES\" dir=\"ltr\" data-wpcf7-id=\"7715\">\n<div class=\"screen-reader-response\"><p role=\"status\" aria-live=\"polite\" aria-atomic=\"true\"><\/p> <ul><\/ul><\/div>\n<form action=\"\/es\/wp-json\/wp\/v2\/pages\/7757#wpcf7-f7715-o1\" method=\"post\" class=\"wpcf7-form init\" aria-label=\"Formulario de contacto\" novalidate=\"novalidate\" data-status=\"init\">\n<fieldset class=\"hidden-fields-container\"><input type=\"hidden\" name=\"_wpcf7\" value=\"7715\" \/><input type=\"hidden\" name=\"_wpcf7_version\" value=\"6.1.5\" \/><input type=\"hidden\" name=\"_wpcf7_locale\" value=\"es_ES\" \/><input type=\"hidden\" name=\"_wpcf7_unit_tag\" value=\"wpcf7-f7715-o1\" \/><input type=\"hidden\" name=\"_wpcf7_container_post\" value=\"0\" \/><input type=\"hidden\" name=\"_wpcf7_posted_data_hash\" value=\"\" \/>\n<\/fieldset>\n<div class=\"form-row\">\n  <label> Nombre <span class=\"wpcf7-form-control-wrap\" data-name=\"your-name\"><input size=\"40\" maxlength=\"400\" class=\"wpcf7-form-control wpcf7-text wpcf7-validates-as-required\" aria-required=\"true\" aria-invalid=\"false\" placeholder=\"Su nombre\" value=\"\" type=\"text\" name=\"your-name\" \/><\/span><\/label>\n<\/div>\n<div class=\"form-row\">\n  <label> Correo electr\u00f3nico <span class=\"wpcf7-form-control-wrap\" data-name=\"your-email\"><input size=\"40\" maxlength=\"400\" class=\"wpcf7-form-control wpcf7-email wpcf7-validates-as-required wpcf7-text wpcf7-validates-as-email\" aria-required=\"true\" aria-invalid=\"false\" placeholder=\"Su correo electr\u00f3nico\" value=\"\" type=\"email\" name=\"your-email\" \/><\/span> <\/label>\n<\/div>\n<div class=\"form-row\">\n  <label> N\u00famero de tel\u00e9fono <span class=\"wpcf7-form-control-wrap\" data-name=\"your-tel\"><input size=\"40\" maxlength=\"400\" class=\"wpcf7-form-control wpcf7-tel wpcf7-validates-as-required wpcf7-text wpcf7-validates-as-tel\" aria-required=\"true\" aria-invalid=\"false\" placeholder=\"Su n\u00famero de tel\u00e9fono\" value=\"\" type=\"tel\" name=\"your-tel\" \/><\/span> <\/label>\n<\/div>\n\n<div class=\"form-row input-full-width\">\n <label> Mensaje <span class=\"wpcf7-form-control-wrap\" data-name=\"your-message\"><textarea cols=\"40\" rows=\"10\" maxlength=\"2000\" class=\"wpcf7-form-control wpcf7-textarea\" aria-invalid=\"false\" placeholder=\"\u00bfC\u00f3mo podemos ayudarle?\" name=\"your-message\"><\/textarea><\/span> <\/label>\n<\/div>\n\n<div class=\"consent-row\">\n  <span class=\"wpcf7-form-control-wrap\" data-name=\"consent\"><span class=\"wpcf7-form-control wpcf7-acceptance\"><span class=\"wpcf7-list-item\"><label><input type=\"checkbox\" name=\"consent\" value=\"1\" aria-invalid=\"false\" \/><span class=\"wpcf7-list-item-label\">He le\u00eddo la <a href=\"\/privacy-policy\/\" target=\"_blank\">Pol\u00edtica de Privacidad<\/a> y los <a href=\"\/terms-of-use\/\" target=\"_blank\">T\u00e9rminos del Servicio<\/a>.<\/span><\/label><\/span><\/span><\/span>\n<\/div>\n\n<input class=\"wpcf7-form-control wpcf7-submit has-spinner\" type=\"submit\" value=\"Enviar mensaje\" \/><p style=\"display: none !important;\" class=\"akismet-fields-container\" data-prefix=\"_wpcf7_ak_\"><label>&#916;<textarea name=\"_wpcf7_ak_hp_textarea\" cols=\"45\" rows=\"8\" maxlength=\"100\"><\/textarea><\/label><input type=\"hidden\" id=\"ak_js_1\" name=\"_wpcf7_ak_js\" value=\"107\"\/><script>\ndocument.getElementById( \"ak_js_1\" ).setAttribute( \"value\", ( new Date() ).getTime() );\n<\/script>\n<\/p><div class=\"wpcf7-response-output\" aria-hidden=\"true\"><\/div>\n<\/form>\n<\/div>\n<\/div>\n<\/div>\n<\/div>\n\n\n\n<div class=\"wp-block-group contact-us__map is-layout-flow wp-block-group-is-layout-flow\">\n<iframe src=\"https:\/\/www.google.com\/maps\/embed?pb=!1m18!1m12!1m3!1d3073.823899110089!2d-104.89202712416372!3d39.60864927158095!2m3!1f0!2f0!3f0!3m2!1i1024!2i768!4f13.1!3m3!1m2!1s0x876c866061786d81%3A0xede51dbf605ba79c!2s5950%20S%20Willow%20Dr%20%23230%2C%20Greenwood%20Village%2C%20CO%2080111%2C%20USA!5e0!3m2!1sen!2sar!4v1767729104832!5m2!1sen!2sar\" width=\"600\" height=\"450\" style=\"border:0;\" allowfullscreen=\"\" loading=\"lazy\" referrerpolicy=\"no-referrer-when-downgrade\" title=\"mapa de la oficina\"><\/iframe>\n<\/div>\n<\/section>\n","protected":false},"excerpt":{"rendered":"<p>Estamos listos para ayudarle. Conecte con nosotros. Para programar una consulta telef\u00f3nica gratuita, por favor, complete el formulario. Ubicaci\u00f3n 5950 S. Willow Drive, Ste 230, Greenwood Village, CO 80111 N\u00famero de tel\u00e9fono 720-831-4192<\/p>\n","protected":false},"author":2,"featured_media":0,"parent":0,"menu_order":0,"comment_status":"closed","ping_status":"closed","template":"","meta":{"footnotes":""},"class_list":["post-7757","page","type-page","status-publish","hentry"],"_links":{"self":[{"href":"https:\/\/summitlegacylegal.com\/es\/wp-json\/wp\/v2\/pages\/7757","targetHints":{"allow":["GET"]}}],"collection":[{"href":"https:\/\/summitlegacylegal.com\/es\/wp-json\/wp\/v2\/pages"}],"about":[{"href":"https:\/\/summitlegacylegal.com\/es\/wp-json\/wp\/v2\/types\/page"}],"author":[{"embeddable":true,"href":"https:\/\/summitlegacylegal.com\/es\/wp-json\/wp\/v2\/users\/2"}],"replies":[{"embeddable":true,"href":"https:\/\/summitlegacylegal.com\/es\/wp-json\/wp\/v2\/comments?post=7757"}],"version-history":[{"count":2,"href":"https:\/\/summitlegacylegal.com\/es\/wp-json\/wp\/v2\/pages\/7757\/revisions"}],"predecessor-version":[{"id":7965,"href":"https:\/\/summitlegacylegal.com\/es\/wp-json\/wp\/v2\/pages\/7757\/revisions\/7965"}],"wp:attachment":[{"href":"https:\/\/summitlegacylegal.com\/es\/wp-json\/wp\/v2\/media?parent=7757"}],"curies":[{"name":"wp","href":"https:\/\/api.w.org\/{rel}","templated":true}]}}